{"id":2,"date":"2026-01-21T15:17:29","date_gmt":"2026-01-21T14:17:29","guid":{"rendered":"https:\/\/www.min-cancerresa.com\/?page_id=2"},"modified":"2026-01-21T22:19:07","modified_gmt":"2026-01-21T21:19:07","slug":"bild-album","status":"publish","type":"page","link":"https:\/\/www.min-cancerresa.com\/?page_id=2","title":{"rendered":"bild album"},"content":{"rendered":"\n<p class=\"has-medium-font-size\">h\u00e4r hittar ni bilder fr\u00e5n behandling fr\u00e5n n\u00e4r jag var inlagd. m,m<\/p>\n\n\n\nngg_shortcode_0_placeholder\n","protected":false},"excerpt":{"rendered":"<p>h\u00e4r hittar ni bilder fr\u00e5n behandling fr\u00e5n n\u00e4r jag var inlagd. m,m<\/p>\n","protected":false},"author":1,"featured_media":0,"parent":0,"menu_order":0,"comment_status":"closed","ping_status":"closed","template":"","meta":{"ngg_post_thumbnail":0,"footnotes":""},"class_list":["post-2","page","type-page","status-publish","hentry"],"jetpack_sharing_enabled":true,"_links":{"self":[{"href":"https:\/\/www.min-cancerresa.com\/index.php?rest_route=\/wp\/v2\/pages\/2","targetHints":{"allow":["GET"]}}],"collection":[{"href":"https:\/\/www.min-cancerresa.com\/index.php?rest_route=\/wp\/v2\/pages"}],"about":[{"href":"https:\/\/www.min-cancerresa.com\/index.php?rest_route=\/wp\/v2\/types\/page"}],"author":[{"embeddable":true,"href":"https:\/\/www.min-cancerresa.com\/index.php?rest_route=\/wp\/v2\/users\/1"}],"replies":[{"embeddable":true,"href":"https:\/\/www.min-cancerresa.com\/index.php?rest_route=%2Fwp%2Fv2%2Fcomments&post=2"}],"version-history":[{"count":6,"href":"https:\/\/www.min-cancerresa.com\/index.php?rest_route=\/wp\/v2\/pages\/2\/revisions"}],"predecessor-version":[{"id":73,"href":"https:\/\/www.min-cancerresa.com\/index.php?rest_route=\/wp\/v2\/pages\/2\/revisions\/73"}],"wp:attachment":[{"href":"https:\/\/www.min-cancerresa.com\/index.php?rest_route=%2Fwp%2Fv2%2Fmedia&parent=2"}],"curies":[{"name":"wp","href":"https:\/\/api.w.org\/{rel}","templated":true}]}}